{"id":6,"date":"2019-06-11T02:33:38","date_gmt":"2019-06-11T02:33:38","guid":{"rendered":"https:\/\/cerebrocreativa.cl\/inicio\/?page_id=6"},"modified":"2026-03-24T09:46:45","modified_gmt":"2026-03-24T13:46:45","slug":"home","status":"publish","type":"page","link":"https:\/\/cerebrocreativa.cl\/inicio\/","title":{"rendered":"Home"},"content":{"rendered":"<div class=\"wpb-content-wrapper\"><p>[vc_section][vc_row][vc_column]\n\t\t\t<!-- START Home Slider REVOLUTION SLIDER 6.7.28 --><p class=\"rs-p-wp-fix\"><\/p>\n\t\t\t<rs-module-wrap id=\"rev_slider_1_1_wrapper\" data-source=\"gallery\" style=\"visibility:hidden;background:transparent;padding:0;margin:0px auto;margin-top:0;margin-bottom:0;\">\n\t\t\t\t<rs-module id=\"rev_slider_1_1\" style=\"\" data-version=\"6.7.28\">\n\t\t\t\t\t<rs-slides style=\"overflow: hidden; position: absolute;\">\n\t\t\t\t\t\t<rs-slide style=\"position: absolute;\" data-key=\"rs-1\" data-title=\"Slide\" data-anim=\"ms:600;\" data-in=\"o:0;\" data-out=\"a:false;\">\n\t\t\t\t\t\t\t<img decoding=\"async\" src=\"\/\/cerebrocreativa.cl\/inicio\/wp-content\/plugins\/revslider\/sr6\/assets\/assets\/dummy.png\" alt=\"Slide\" title=\"Home\" class=\"rev-slidebg tp-rs-img rs-lazyload\" data-lazyload=\"\/\/cerebrocreativa.cl\/inicio\/wp-content\/plugins\/revslider\/sr6\/assets\/assets\/transparent.png\" data-bg=\"c:linear-gradient(40deg, rgba(250,181,0,1) 0%, rgba(255,227,91,1) 100%);\" data-no-retina>\n<!--\n\t\t\t\t\t\t\t--><rs-layer\n\t\t\t\t\t\t\t\tid=\"slider-1-slide-1-layer-1\" \n\t\t\t\t\t\t\t\tdata-type=\"image\"\n\t\t\t\t\t\t\t\tdata-rsp_ch=\"on\"\n\t\t\t\t\t\t\t\tdata-xy=\"x:r;xo:430px,190px,-361px,-287px;y:b;yo:243px,209px,342px,205px;\"\n\t\t\t\t\t\t\t\tdata-text=\"l:22;a:inherit;\"\n\t\t\t\t\t\t\t\tdata-dim=\"w:540px,427px,338px,187px;h:540px,427px,338px,187px;\"\n\t\t\t\t\t\t\t\tdata-vbility=\"t,t,f,f\"\n\t\t\t\t\t\t\t\tdata-frame_0=\"sX:0.9;sY:0.9;\"\n\t\t\t\t\t\t\t\tdata-frame_1=\"e:power2.inOut;sp:1000;sR:10;\"\n\t\t\t\t\t\t\t\tdata-frame_999=\"x:34px;y:0px;o:0;e:power4.inOut;st:w;sp:1000;sR:7990;\"\n\t\t\t\t\t\t\t\tstyle=\"z-index:6;\"\n\t\t\t\t\t\t\t><img decoding=\"async\" src=\"\/\/cerebrocreativa.cl\/inicio\/wp-content\/plugins\/revslider\/sr6\/assets\/assets\/dummy.png\" alt=\"\" class=\"tp-rs-img rs-lazyload\" width=\"512\" height=\"512\" data-lazyload=\"\/\/cerebrocreativa.cl\/inicio\/wp-content\/uploads\/2025\/04\/cropped-cropped-favicon-cerebro-creativa.png\" data-no-retina> \n\t\t\t\t\t\t\t<\/rs-layer><!--\n\n\t\t\t\t\t\t\t--><rs-layer\n\t\t\t\t\t\t\t\tid=\"slider-1-slide-1-layer-3\" \n\t\t\t\t\t\t\t\tdata-type=\"image\"\n\t\t\t\t\t\t\t\tdata-rsp_ch=\"on\"\n\t\t\t\t\t\t\t\tdata-xy=\"x:r;xo:45px,-55px,-55px,-55px;y:b;yo:-125px,-79px,-79px,-79px;\"\n\t\t\t\t\t\t\t\tdata-text=\"l:22;a:inherit;\"\n\t\t\t\t\t\t\t\tdata-dim=\"w:1042px,791px,791px,791px;h:1038px,788px,788px,788px;\"\n\t\t\t\t\t\t\t\tdata-vbility=\"t,t,f,f\"\n\t\t\t\t\t\t\t\tdata-frame_1=\"sR:10;\"\n\t\t\t\t\t\t\t\tdata-frame_999=\"o:0;st:w;sR:8690;\"\n\t\t\t\t\t\t\t\tdata-loop_999=\"sX:0.95;sY:0.95;sp:6000;e:power4.in;yym:t;yys:t;yyf:t;\"\n\t\t\t\t\t\t\t\tstyle=\"z-index:5;\"\n\t\t\t\t\t\t\t><img decoding=\"async\" src=\"\/\/cerebrocreativa.cl\/inicio\/wp-content\/plugins\/revslider\/sr6\/assets\/assets\/dummy.png\" alt=\"Layer\" class=\"tp-rs-img rs-lazyload\" width=\"1042\" height=\"1038\" data-lazyload=\"\/\/beplusthemes.com\/theme\/asata\/wp-content\/uploads\/2019\/06\/layer2.png\" data-no-retina> \n\t\t\t\t\t\t\t<\/rs-layer><!--\n\n\t\t\t\t\t\t\t--><rs-layer\n\t\t\t\t\t\t\t\tid=\"slider-1-slide-1-layer-4\" \n\t\t\t\t\t\t\t\tdata-type=\"image\"\n\t\t\t\t\t\t\t\tdata-rsp_ch=\"on\"\n\t\t\t\t\t\t\t\tdata-xy=\"xo:362px,107px,822px,553px;yo:-70px,-70px,-7px,-80px;\"\n\t\t\t\t\t\t\t\tdata-text=\"l:22;a:inherit;\"\n\t\t\t\t\t\t\t\tdata-dim=\"w:230px,230px,208px,208px;h:239px,239px,216px,216px;\"\n\t\t\t\t\t\t\t\tdata-frame_1=\"sR:10;\"\n\t\t\t\t\t\t\t\tdata-frame_999=\"o:0;st:w;sR:8690;\"\n\t\t\t\t\t\t\t\tdata-loop_0=\"xR:10;yR:10;oX:50;oY:50;\"\n\t\t\t\t\t\t\t\tdata-loop_999=\"xR:10;yR:10;crd:t;sp:4000;yys:t;yyf:t;\"\n\t\t\t\t\t\t\t\tstyle=\"z-index:7;\"\n\t\t\t\t\t\t\t><img decoding=\"async\" src=\"\/\/cerebrocreativa.cl\/inicio\/wp-content\/plugins\/revslider\/sr6\/assets\/assets\/dummy.png\" alt=\"Layer\" class=\"tp-rs-img rs-lazyload\" width=\"230\" height=\"239\" data-lazyload=\"\/\/beplusthemes.com\/theme\/asata\/wp-content\/uploads\/2019\/06\/layer3.png\" data-no-retina> \n\t\t\t\t\t\t\t<\/rs-layer><!--\n\n\t\t\t\t\t\t\t--><rs-layer\n\t\t\t\t\t\t\t\tid=\"slider-1-slide-1-layer-5\" \n\t\t\t\t\t\t\t\tdata-type=\"image\"\n\t\t\t\t\t\t\t\tdata-rsp_ch=\"on\"\n\t\t\t\t\t\t\t\tdata-xy=\"xo:-50px,-96px,-59px,-141px;y:b;yo:53px,98px,-24px,-140px;\"\n\t\t\t\t\t\t\t\tdata-text=\"l:22;a:inherit;\"\n\t\t\t\t\t\t\t\tdata-dim=\"w:342px,235px,304px,304px;h:373px,256px,332px,332px;\"\n\t\t\t\t\t\t\t\tdata-frame_1=\"sR:10;\"\n\t\t\t\t\t\t\t\tdata-frame_999=\"o:0;st:w;sR:8690;\"\n\t\t\t\t\t\t\t\tdata-loop_0=\"xR:10;yR:10;oX:50;oY:50;\"\n\t\t\t\t\t\t\t\tdata-loop_999=\"xR:10;yR:10;crd:t;sp:3000;yys:t;yyf:t;\"\n\t\t\t\t\t\t\t\tstyle=\"z-index:8;\"\n\t\t\t\t\t\t\t><img decoding=\"async\" src=\"\/\/cerebrocreativa.cl\/inicio\/wp-content\/plugins\/revslider\/sr6\/assets\/assets\/dummy.png\" alt=\"Layer\" class=\"tp-rs-img rs-lazyload\" width=\"342\" height=\"373\" data-lazyload=\"\/\/beplusthemes.com\/theme\/asata\/wp-content\/uploads\/2019\/06\/layer4.png\" data-no-retina> \n\t\t\t\t\t\t\t<\/rs-layer><!--\n\n\t\t\t\t\t\t\t--><rs-layer\n\t\t\t\t\t\t\t\tid=\"slider-1-slide-1-layer-6\" \n\t\t\t\t\t\t\t\tdata-type=\"text\"\n\t\t\t\t\t\t\t\tdata-color=\"#1a233d\"\n\t\t\t\t\t\t\t\tdata-xy=\"x:l,l,c,c;xo:318px,136px,-1px,1px;y:m;yo:-114px,-51px,-144px,-152px;\"\n\t\t\t\t\t\t\t\tdata-text=\"s:60,60,60,71;l:74,74,74,69;ls:-1px;fw:800;a:inherit,inherit,center,center;\"\n\t\t\t\t\t\t\t\tdata-dim=\"w:758px;\"\n\t\t\t\t\t\t\t\tdata-frame_1=\"e:power4.inOut;st:5;sp:1500;sR:5;\"\n\t\t\t\t\t\t\t\tdata-frame_999=\"o:0;e:power2.in;st:w;sp:1000;sR:7495;\"\n\t\t\t\t\t\t\t\tstyle=\"z-index:9;font-family:'Montserrat';\"\n\t\t\t\t\t\t\t>Ideas Creativas <br \/>Dise\u00f1os Incre\u00edbles \n\t\t\t\t\t\t\t<\/rs-layer><!--\n\n\t\t\t\t\t\t\t--><rs-layer\n\t\t\t\t\t\t\t\tid=\"slider-1-slide-1-layer-7\" \n\t\t\t\t\t\t\t\tdata-type=\"text\"\n\t\t\t\t\t\t\t\tdata-color=\"#454a51\"\n\t\t\t\t\t\t\t\tdata-xy=\"x:l,l,c,c;xo:321px,223px,0,4px;y:m;yo:27px,91px,8px,-4px;\"\n\t\t\t\t\t\t\t\tdata-text=\"w:normal;s:23,23,23,24;l:30,30,30,38;a:inherit,inherit,center,center;\"\n\t\t\t\t\t\t\t\tdata-dim=\"w:612px,441px,441px,435px;h:auto,auto,auto,79px;\"\n\t\t\t\t\t\t\t\tdata-basealign=\"slide\"\n\t\t\t\t\t\t\t\tdata-rsp_bd=\"off\"\n\t\t\t\t\t\t\t\tdata-frame_0=\"x:0,0,0,0px;y:100%;\"\n\t\t\t\t\t\t\t\tdata-frame_1=\"x:0,0,0,0px;y:0,0,0,0px;e:power4.inOut;st:100;sp:1200;sR:100;\"\n\t\t\t\t\t\t\t\tdata-frame_999=\"o:0;st:w;sR:7700;\"\n\t\t\t\t\t\t\t\tstyle=\"z-index:10;font-family:'Montserrat';overflow:hidden;max-width:530px;\"\n\t\t\t\t\t\t\t>Soluciones visuales que <br \/>marcan la diferencia. \n\t\t\t\t\t\t\t<\/rs-layer><!--\n\n\t\t\t\t\t\t\t--><a\n\t\t\t\t\t\t\t\tid=\"slider-1-slide-1-layer-8\" \n\t\t\t\t\t\t\t\tclass=\"rs-layer rev-btn\"\n\t\t\t\t\t\t\t\thref=\"https:\/\/wa.me\/56944027771\" target=\"_blank\" rel=\"nofollow noopener\"\n\t\t\t\t\t\t\t\tdata-type=\"button\"\n\t\t\t\t\t\t\t\tdata-color=\"rgba(255,255,255,1)\"\n\t\t\t\t\t\t\t\tdata-xy=\"x:l,l,c,c;xo:320px,221px,0,-7px;y:m;yo:118px,179px,148px,126px;\"\n\t\t\t\t\t\t\t\tdata-text=\"s:13,13,13,11;l:18;ls:1px;fw:600;a:inherit,inherit,inherit,center;\"\n\t\t\t\t\t\t\t\tdata-basealign=\"slide\"\n\t\t\t\t\t\t\t\tdata-rsp_bd=\"off\"\n\t\t\t\t\t\t\t\tdata-padding=\"t:20,20,20,15;r:35,35,35,25;b:20,20,20,15;l:35,35,35,25;\"\n\t\t\t\t\t\t\t\tdata-border=\"bor:5px,5px,5px,5px;\"\n\t\t\t\t\t\t\t\tdata-frame_0=\"y:100%;\"\n\t\t\t\t\t\t\t\tdata-frame_1=\"e:power4.inOut;st:100;sp:1200;sR:100;\"\n\t\t\t\t\t\t\t\tdata-frame_999=\"o:0;st:w;sR:7700;\"\n\t\t\t\t\t\t\t\tdata-frame_hover=\"bgc:#dc1247;boc:#000;bor:5px,5px,5px,5px;bos:solid;oX:50;oY:50;sp:0;\"\n\t\t\t\t\t\t\t\tstyle=\"z-index:11;background-color:#ee3364;font-family:'Montserrat';text-transform:uppercase;cursor:pointer;outline:none;box-shadow:none;box-sizing:border-box;-moz-box-sizing:border-box;-webkit-box-sizing:border-box;\"\n\t\t\t\t\t\t\t>Cont\u00e1ctanos aqu\u00ed \n\t\t\t\t\t\t\t<\/a><!--\n-->\t\t\t\t\t<\/rs-slide>\n\t\t\t\t\t<\/rs-slides>\n\t\t\t\t<\/rs-module>\n\t\t\t\t<script>\n\t\t\t\t\tsetREVStartSize({c: 'rev_slider_1_1',rl:[1360,1359,1024,760],el:[946,860,760,560],gw:[1920,1360,1023,759],gh:[946,860,760,560],type:'standard',justify:'',layout:'fullwidth',mh:\"0\"});if (window.RS_MODULES!==undefined && window.RS_MODULES.modules!==undefined && window.RS_MODULES.modules[\"revslider11\"]!==undefined) {window.RS_MODULES.modules[\"revslider11\"].once = false;window.revapi1 = undefined;if (window.RS_MODULES.checkMinimal!==undefined) window.RS_MODULES.checkMinimal()}\n\t\t\t\t<\/script>\n\t\t\t<\/rs-module-wrap>\n\t\t\t<!-- END REVOLUTION SLIDER -->\n[\/vc_column][\/vc_row][\/vc_section][vc_section css=&#8221;.vc_custom_1560505828427{padding-top: 90px !important;padding-bottom: 0px !important;}&#8221; el_class=&#8221;bt-serv-section&#8221;][vc_row][vc_column width=&#8221;1\/3&#8243;][bt_fancy_box align=&#8221;text-center&#8221; icon_type=&#8221;image_icon&#8221; image_icon=&#8221;2287&#8243; icon_font_size=&#8221;130px&#8221; title=&#8221;Dise\u00f1o<br \/>\nde Marca&#8221; title_link=&#8221;|||&#8221; link=&#8221;|||&#8221;]Transformo ideas en marcas aut\u00e9nticas que reflejan la esencia de tu negocio. Juntos construimos una identidad visual clara, atractiva y profesional.[\/bt_fancy_box][\/vc_column][vc_column width=&#8221;1\/3&#8243;][bt_fancy_box align=&#8221;text-center&#8221; icon_type=&#8221;image_icon&#8221; image_icon=&#8221;2288&#8243; icon_font_size=&#8221;130px&#8221; title=&#8221;Dise\u00f1o e Impresi\u00f3n de gr\u00e1ficas&#8221; title_link=&#8221;|||&#8221;]Te asesoramos en cada paso. Para que tus impresos reflejen la calidad y estilo que imaginas.[\/bt_fancy_box][\/vc_column][vc_column width=&#8221;1\/3&#8243;][bt_fancy_box align=&#8221;text-center&#8221; icon_type=&#8221;image_icon&#8221; image_icon=&#8221;2289&#8243; icon_font_size=&#8221;130px&#8221; title=&#8221;Dise\u00f1o integral para RRSS&#8221; title_link=&#8221;|||&#8221;]Creamos una presencia visual completa y estrat\u00e9gica para tus RRSS, desde el perfil hasta el contenido, buscando coherencia, atractivo e impacto en tu audiencia.[\/bt_fancy_box][\/vc_column][\/vc_row][\/vc_section][vc_section css=&#8221;.vc_custom_1560505879640{padding-top: 0px !important;padding-bottom: 30px !important;}&#8221; el_class=&#8221;bt-intr-section&#8221;][vc_row content_placement=&#8221;middle&#8221;][vc_column offset=&#8221;vc_col-lg-7 vc_col-md-7&#8243;][vc_single_image image=&#8221;37&#8243; img_size=&#8221;full&#8221;][\/vc_column][vc_column offset=&#8221;vc_col-lg-5 vc_col-md-5&#8243;][vc_custom_heading text=&#8221;Dise\u00f1o gr\u00e1fico Integral&#8221; font_container=&#8221;tag:h2|text_align:left|color:%232D2E83&#8243; use_theme_fonts=&#8221;yes&#8221; css=&#8221;&#8221;][vc_column_text css=&#8221;&#8221;]Soluciones completas, desde el dise\u00f1o hasta la producci\u00f3n digital o impresa, con acompa\u00f1amiento en cada etapa. Dinos qu\u00e9 necesitas y lo crearemos juntos.[\/vc_column_text][vc_btn title=&#8221;Sobre Nosotros&#8221; css=&#8221;&#8221; el_class=&#8221;bt-btn-main&#8221; link=&#8221;url:https%3A%2F%2Fasata.beplusthemes.com%2Fabout-us%2F|title:About%20Us||&#8221;][\/vc_column][\/vc_row][\/vc_section][vc_section el_class=&#8221;bt-port-section&#8221;][\/vc_section][vc_section css=&#8221;.vc_custom_1561453262071{padding-top: 110px !important;padding-bottom: 80px !important;}&#8221; el_class=&#8221;bt-team-section&#8221;][vc_row][vc_column][bt_post_team_slider post_team=&#8221;%5B%7B%22image%22%3A%222297%22%2C%22title%22%3A%22Mar%C3%ADa%20Jos%C3%A9%20Munizaga%22%2C%22title_link%22%3A%22url%3A%2523%7C%7C%7C%22%2C%22position%22%3A%22Directora%20Creativa%20%26%20Dise%C3%B1adora%20Gr%C3%A1fica%22%2C%22description%22%3A%22Transformo%20ideas%20en%20identidad%20visual%20s%C3%B3lida.%20Trabajo%20junto%20a%20empresas%20y%20emprendedores%20desarrollando%20marcas%2C%20piezas%20gr%C3%A1ficas%20y%20proyectos%20editoriales%20que%20combinan%20est%C3%A9tica%2C%20claridad%20y%20estrategia.%20Cada%20proyecto%20es%20pensado%20para%20comunicar%20con%20intenci%C3%B3n%20y%20profesionalismo.%22%2C%22social_media%22%3A%22%255B%257B%2522icon%2522%253A%2522fa%2520fa-instagram%2522%252C%2522link%2522%253A%2522url%253Ahttps%25253A%25252F%25252Fwww.instagram.com%25252Fcote_munizaga%25253Figsh%25253DMW82YXF0bGZhemtzYw%2525253D%2525253D%252526utm_source%25253Dqr%2522%257D%252C%257B%2522icon%2522%253A%2522fa%2520fa-behance%2522%252C%2522link%2522%253A%2522url%253Ahttps%25253A%25252F%25252Fwww.behance.net%25252Fmariajgmunizaga%2522%257D%252C%257B%2522icon%2522%253A%2522fa%2520fa-linkedin%2522%252C%2522link%2522%253A%2522url%253Ahttps%25253A%25252F%25252Fwww.linkedin.com%25252Fin%25252Fmar%252525C3%252525ADa-jos%252525C3%252525A9-munizaga-gonz%252525C3%252525A1lez-363267111%25252F%2522%257D%255D%22%7D%2C%7B%22image%22%3A%222296%22%2C%22title%22%3A%22Catalina%20Mora%22%2C%22title_link%22%3A%22url%3A%2523%7C%7C%7C%22%2C%22position%22%3A%22Asistente%20Creativa%20%26%20Gesti%C3%B3n%20de%20Contenidos%22%2C%22description%22%3A%22Cata%20apoya%20en%20la%20creaci%C3%B3n%20y%20organizaci%C3%B3n%20de%20contenidos%20digitales%2C%20coordinaci%C3%B3n%20de%20publicaciones%20y%20soporte%20creativo%20para%20proyectos%20de%20dise%C3%B1o.%20Adem%C3%A1s%2C%20es%20una%20incre%C3%ADble%20ilustradora%2C%20aportando%20una%20mirada%20art%C3%ADstica%20y%20personalizada%20a%20distintas%20piezas%20visuales.%20Su%20trabajo%20combina%20orden%2C%20compromiso%20y%20sensibilidad%20creativa.%22%2C%22social_media%22%3A%22%255B%257B%2522icon%2522%253A%2522fa%2520fa-facebook%2522%252C%2522link%2522%253A%2522url%253Ahttps%25253A%25252F%25252Fweb.facebook.com%25252Fcatalinamorabarria%25252F%2522%257D%252C%257B%2522icon%2522%253A%2522fa%2520fa-instagram%2522%252C%2522link%2522%253A%2522url%253Ahttps%25253A%25252F%25252Fwww.tiktok.com%25252F%252540heysuricata%2522%257D%252C%257B%2522icon%2522%253A%2522fa%2520fa-behance%2522%252C%2522link%2522%253A%2522url%253Ahttps%25253A%25252F%25252Fwww.behance.net%25252Fcatalinamorabarria%2522%257D%255D%22%7D%5D&#8221; columns=&#8221;&#8221;][\/vc_column][\/vc_row][\/vc_section][vc_section css=&#8221;.vc_custom_1772226804425{padding-top: 90px !important;padding-bottom: 60px !important;background-color: #C9CAFF !important;}&#8221; el_class=&#8221;bt-fun-facts-section&#8221;][vc_row][vc_column width=&#8221;1\/2&#8243; offset=&#8221;vc_col-lg-1\/5 vc_col-md-4&#8243;][bt_counter align=&#8221;text-center&#8221; font_icon_type=&#8221;elegant&#8221; font_icon_elegant=&#8221;icon_easel&#8221; number=&#8221;+10&#8243; title=&#8221;A\u00f1os de experiencia en dise\u00f1o y comunicaci\u00f3n&#8221; font_icon_elegent=&#8221;icon_mug&#8221; font_icon=&#8221;fa fa-cubes&#8221;][\/vc_column][vc_column width=&#8221;1\/2&#8243; offset=&#8221;vc_col-lg-1\/5 vc_col-md-4&#8243;][bt_counter align=&#8221;text-center&#8221; font_icon_type=&#8221;elegant&#8221; font_icon_elegant=&#8221;icon_pens&#8221; number=&#8221;30&#8243; number_suffix=&#8221;+&#8221; title=&#8221;Marcas Asesoradas&#8221; number_add_suffix=&#8221;true&#8221; font_icon_elegent=&#8221;icon_easel&#8221; font_icon=&#8221;fa fa-tree&#8221;][\/vc_column][vc_column width=&#8221;1\/2&#8243; offset=&#8221;vc_col-lg-1\/5 vc_col-md-4&#8243;][bt_counter align=&#8221;text-center&#8221; font_icon_type=&#8221;elegant&#8221; font_icon_elegant=&#8221;icon_lightbulb_alt&#8221; number=&#8221;500&#8243; number_suffix=&#8221;+&#8221; title=&#8221;Piezas gr\u00e1ficas creadas&#8221; number_add_suffix=&#8221;true&#8221; font_icon_elegent=&#8221;icon_easel&#8221; font_icon=&#8221;fa fa-tree&#8221;][\/vc_column][vc_column width=&#8221;1\/2&#8243; offset=&#8221;vc_col-lg-1\/5 vc_col-md-4&#8243;][bt_counter align=&#8221;text-center&#8221; font_icon_type=&#8221;elegant&#8221; font_icon_elegant=&#8221;icon_globe&#8221; number=&#8221;+5&#8243; title=&#8221;A\u00f1os trabajando con pymes del sur de Chile&#8221; font_icon_elegent=&#8221;icon_globe&#8221; font_icon=&#8221;fa fa-rocket&#8221;][\/vc_column][vc_column width=&#8221;1\/2&#8243; offset=&#8221;vc_col-lg-1\/5 vc_col-md-4&#8243;][bt_counter align=&#8221;text-center&#8221; font_icon_type=&#8221;elegant&#8221; font_icon_elegant=&#8221;icon_lightbulb_alt&#8221; number=&#8221;+100&#8243; title=&#8221;Proyectos desarrollados&#8221; font_icon_elegent=&#8221;icon_lightbulb_alt&#8221; font_icon=&#8221;fa fa-gift&#8221;][\/vc_column][\/vc_row][\/vc_section][vc_section css=&#8221;.vc_custom_1561020391418{padding-top: 100px !important;padding-bottom: 90px !important;}&#8221; el_class=&#8221;bt-blog-section&#8221;][\/vc_section][vc_section disable_bg_image=&#8221;md&#8221; css=&#8221;.vc_custom_1561364213196{padding-top: 100px !important;padding-bottom: 80px !important;background: #f5f5f5 url(https:\/\/cerebrocreativa.cl\/inicio\/wp-content\/uploads\/2019\/06\/bg2.jpg?id=85) !important;background-position: center !important;background-repeat: no-repeat !important;background-size: cover !important;}&#8221; el_class=&#8221;bt-func-section&#8221;][vc_row][vc_column width=&#8221;2\/3&#8243; offset=&#8221;vc_col-lg-offset-7 vc_col-lg-5 vc_col-md-offset-6 vc_col-md-6 vc_col-sm-offset-2&#8243;][vc_custom_heading text=&#8221;Dise\u00f1o estrat\u00e9gico para marcas que quieren crecer&#8221; use_theme_fonts=&#8221;yes&#8221; css=&#8221;&#8221;][bt_fancy_box style=&#8221;icon-left&#8221; icon_type=&#8221;image_icon&#8221; image_icon=&#8221;2287&#8243; icon_font_size=&#8221;90px&#8221; title=&#8221;Identidad Corporativa&#8221; title_link=&#8221;|||&#8221; link=&#8221;|||&#8221; css=&#8221;.vc_custom_1772233047064{margin-bottom: 40px !important;}&#8221;]<\/p>\n<p data-start=\"131\" data-end=\"223\">Creamos sistemas visuales coherentes que fortalecen la imagen y profesionalismo de tu marca.<\/p>\n<p>[\/bt_fancy_box][bt_fancy_box style=&#8221;icon-left&#8221; icon_type=&#8221;image_icon&#8221; image_icon=&#8221;2289&#8243; icon_font_size=&#8221;90px&#8221; title=&#8221;Dise\u00f1o para Redes Sociales&#8221; title_link=&#8221;|||&#8221; link=&#8221;|||&#8221; css=&#8221;.vc_custom_1772233035396{margin-bottom: 40px !important;}&#8221;]<\/p>\n<p data-start=\"266\" data-end=\"345\">Desarrollamos piezas gr\u00e1ficas estrat\u00e9gicas para potenciar tu presencia digital.<\/p>\n<p>[\/bt_fancy_box][bt_fancy_box style=&#8221;icon-left&#8221; icon_type=&#8221;image_icon&#8221; image_icon=&#8221;2288&#8243; icon_font_size=&#8221;90px&#8221; title=&#8221;Dise\u00f1o Editorial &#038; Material Impreso&#8221; title_font_size=&#8221;15&#8243; title_link=&#8221;|||&#8221; link=&#8221;|||&#8221;]<\/p>\n<p data-start=\"397\" data-end=\"482\">Dise\u00f1amos y maquetamos piezas listas para producci\u00f3n, con enfoque est\u00e9tico y t\u00e9cnico.<\/p>\n<p>[\/bt_fancy_box][\/vc_column][\/vc_row][\/vc_section][vc_section css=&#8221;.vc_custom_1576033115404{padding-top: 100px !important;padding-bottom: 60px !important;}&#8221;][vc_row][vc_column][bt_client_carousel client_logo=&#8221;%5B%7B%22name%22%3A%22Liwen%20Coffee%22%2C%22logo%22%3A%222314%22%2C%22link%22%3A%22url%3A%2523%7C%7C%7C%22%7D%2C%7B%22name%22%3A%22Ayni%22%2C%22logo%22%3A%222331%22%2C%22link%22%3A%22url%3A%2523%7C%7C%7C%22%7D%2C%7B%22name%22%3A%22Publituck%22%2C%22logo%22%3A%222341%22%2C%22link%22%3A%22url%3A%2523%7C%7C%7C%22%7D%2C%7B%22name%22%3A%22Para%C3%ADso%20Dreams%22%2C%22logo%22%3A%222322%22%2C%22link%22%3A%22url%3A%2523%7C%7C%7C%22%7D%2C%7B%22name%22%3A%22Naviera%20Jaramillo%22%2C%22logo%22%3A%222318%22%2C%22link%22%3A%22url%3A%2523%7C%7C%7C%22%7D%2C%7B%22name%22%3A%22constructora%20pym%22%2C%22logo%22%3A%222316%22%2C%22link%22%3A%22url%3A%2523%7C%7C%7C%22%7D%2C%7B%22name%22%3A%22Quincho%20Demaihue%22%2C%22logo%22%3A%222321%22%2C%22link%22%3A%22url%3A%2523%7C%7C%7C%22%7D%2C%7B%22name%22%3A%22Dulce%20Secreto%22%2C%22logo%22%3A%222333%22%2C%22link%22%3A%22url%3A%2523%7C%7C%7C%22%7D%2C%7B%22name%22%3A%22Ximena%20Altamirano%22%2C%22logo%22%3A%222339%22%2C%22link%22%3A%22url%3A%2523%7C%7C%7C%22%7D%2C%7B%22name%22%3A%22Elipeluqeuria%22%2C%22logo%22%3A%222336%22%2C%22link%22%3A%22url%3A%2523%7C%7C%7C%22%7D%2C%7B%22name%22%3A%22Hort%C3%ADcola%20Rayen%20Paillaco%22%2C%22logo%22%3A%222347%22%2C%22link%22%3A%22url%3A%2523%7C%7C%7C%22%7D%2C%7B%22name%22%3A%22Ruca%20el%20Mirador%22%2C%22logo%22%3A%222342%22%2C%22link%22%3A%22url%3A%2523%7C%7C%7C%22%7D%5D&#8221; image_size=&#8221;full&#8221; image_type=&#8221;ratio&#8221; image_ratio=&#8221;75&#8243; rows=&#8221;2&#8243; items=&#8221;5&#8243; margin=&#8221;10&#8243; loop=&#8221;true&#8221; autoplay=&#8221;true&#8221; smartspeed=&#8221;1000&#8243; items_md=&#8221;4&#8243; items_sm=&#8221;2&#8243; items_xs=&#8221;1&#8243;][\/vc_column][\/vc_row][\/vc_section][vc_section css=&#8221;.vc_custom_1772232483152{padding-top: 85px !important;padding-bottom: 55px !important;background-image: url(https:\/\/cerebrocreativa.cl\/inicio\/wp-content\/uploads\/2026\/02\/banner-footer-1.png?id=2304) !important;background-position: center !important;background-repeat: no-repeat !important;background-size: cover !important;}&#8221; el_class=&#8221;bt-news-section&#8221;][vc_row][vc_column offset=&#8221;vc_col-lg-8 vc_col-md-8&#8243;][vc_custom_heading text=&#8221;\u00bfNecesitas asesor\u00eda de RRSS?&#8221; font_container=&#8221;tag:h2|text_align:center|color:%231a233d&#8221; use_theme_fonts=&#8221;yes&#8221; css=&#8221;&#8221;][vc_custom_heading text=&#8221;Cont\u00e1ctanos y felices te ayudaremos a mejorar tus redes sociales&#8221; font_container=&#8221;tag:div|text_align:center|color:%23454a51&#8243; use_theme_fonts=&#8221;yes&#8221; css=&#8221;&#8221;][vc_raw_html css=&#8221;&#8221;]JTVCbmV3c2xldHRlcl9mb3JtJTVEJTBBJTVCbmV3c2xldHRlcl9maWVsZCUyMG5hbWUlM0QlMjJlbWFpbCUyMiUyMHBsYWNlaG9sZGVyJTNEJTIyRXNjcmliZW5vcyUyMHBhcmElMjB0ZW5lciUyMHVuYSUyMHJldW5pJUMzJUIzbiUyMiUyMGxhYmVsJTNEJTIyJTIyJTVEJTBBJTVCJTJGbmV3c2xldHRlcl9mb3JtJTVE[\/vc_raw_html][\/vc_column][\/vc_row][\/vc_section]<\/p>\n<\/div>","protected":false},"excerpt":{"rendered":"<p>[vc_section][vc_row][vc_column][\/vc_column][\/vc_row][\/vc_section][vc_section css=&#8221;.vc_custom_1560505828427{padding-top: 90px !important;padding-bottom: 0px !important;}&#8221; el_class=&#8221;bt-serv-section&#8221;][vc_row][vc_column width=&#8221;1\/3&#8243;][bt_fancy_box align=&#8221;text-center&#8221; icon_type=&#8221;image_icon&#8221; image_icon=&#8221;2287&#8243; icon_font_size=&#8221;130px&#8221; title=&#8221;Dise\u00f1o de Marca&#8221; title_link=&#8221;|||&#8221; link=&#8221;|||&#8221;]Transformo ideas en marcas aut\u00e9nticas que reflejan la esencia de tu negocio. Juntos construimos una identidad visual clara, atractiva y profesional.[\/bt_fancy_box][\/vc_column][vc_column width=&#8221;1\/3&#8243;][bt_fancy_box align=&#8221;text-center&#8221; icon_type=&#8221;image_icon&#8221; image_icon=&#8221;2288&#8243; icon_font_size=&#8221;130px&#8221; title=&#8221;Dise\u00f1o e Impresi\u00f3n de gr\u00e1ficas&#8221; title_link=&#8221;|||&#8221;]Te asesoramos en cada paso. Para que tus [&hellip;]<\/p>\n","protected":false},"author":1,"featured_media":0,"parent":0,"menu_order":0,"comment_status":"closed","ping_status":"closed","template":"page-nocontainer.php","meta":{"footnotes":""},"class_list":["post-6","page","type-page","status-publish","hentry"],"_links":{"self":[{"href":"https:\/\/cerebrocreativa.cl\/inicio\/wp-json\/wp\/v2\/pages\/6","targetHints":{"allow":["GET"]}}],"collection":[{"href":"https:\/\/cerebrocreativa.cl\/inicio\/wp-json\/wp\/v2\/pages"}],"about":[{"href":"https:\/\/cerebrocreativa.cl\/inicio\/wp-json\/wp\/v2\/types\/page"}],"author":[{"embeddable":true,"href":"https:\/\/cerebrocreativa.cl\/inicio\/wp-json\/wp\/v2\/users\/1"}],"replies":[{"embeddable":true,"href":"https:\/\/cerebrocreativa.cl\/inicio\/wp-json\/wp\/v2\/comments?post=6"}],"version-history":[{"count":70,"href":"https:\/\/cerebrocreativa.cl\/inicio\/wp-json\/wp\/v2\/pages\/6\/revisions"}],"predecessor-version":[{"id":2353,"href":"https:\/\/cerebrocreativa.cl\/inicio\/wp-json\/wp\/v2\/pages\/6\/revisions\/2353"}],"wp:attachment":[{"href":"https:\/\/cerebrocreativa.cl\/inicio\/wp-json\/wp\/v2\/media?parent=6"}],"curies":[{"name":"wp","href":"https:\/\/api.w.org\/{rel}","templated":true}]}}