{"id":845,"date":"2019-09-09T02:47:58","date_gmt":"2019-09-09T02:47:58","guid":{"rendered":"https:\/\/cerebrocreativa.cl\/inicio\/?page_id=845"},"modified":"2026-03-24T09:49:53","modified_gmt":"2026-03-24T13:49:53","slug":"contact-us","status":"publish","type":"page","link":"https:\/\/cerebrocreativa.cl\/inicio\/contact-us\/","title":{"rendered":"Contacto"},"content":{"rendered":"<div class=\"wpb-content-wrapper\"><p>[vc_section el_class=&#8221;bt-map-section&#8221;][vc_row row_container=&#8221;fullwidth&#8221;][vc_column][vc_gmaps link=&#8221;#E-8_JTNDaWZyYW1lJTIwc3JjJTNEJTIyaHR0cHMlM0ElMkYlMkZ3d3cuZ29vZ2xlLmNvbSUyRm1hcHMlMkZlbWJlZCUzRnBiJTNEJTIxMW0xOCUyMTFtMTIlMjExbTMlMjExZDU1OTM2LjEzMDg2OTYyNzE5NSUyMTJkLTcyLjk0ODAxODA5OTk5OTk4JTIxM2QtNDEuNDYyOTg1NiUyMTJtMyUyMTFmMCUyMTJmMCUyMTNmMCUyMTNtMiUyMTFpMTAyNCUyMTJpNzY4JTIxNGYxMy4xJTIxM20zJTIxMW0yJTIxMXMweDk2MTgzYTRkNjkyMGY0MDclMjUzQTB4ODZhM2YxNWE3OWE1YzlkZiUyMTJzUHVlcnRvJTI1MjBNb250dCUyNTJDJTI1MjBMb3MlMjUyMExhZ29zJTIxNWUxJTIxM20yJTIxMXNlcy00MTklMjEyc2NsJTIxNHYxNzc0MzU5NzYzMTExJTIxNW0yJTIxMXNlcy00MTklMjEyc2NsJTIyJTIwd2lkdGglM0QlMjI2MDAlMjIlMjBoZWlnaHQlM0QlMjI0NTAlMjIlMjBzdHlsZSUzRCUyMmJvcmRlciUzQTAlM0IlMjIlMjBhbGxvd2Z1bGxzY3JlZW4lM0QlMjIlMjIlMjBsb2FkaW5nJTNEJTIybGF6eSUyMiUyMHJlZmVycmVycG9saWN5JTNEJTIybm8tcmVmZXJyZXItd2hlbi1kb3duZ3JhZGUlMjIlM0UlM0MlMkZpZnJhbWUlM0U=&#8221; css=&#8221;.vc_custom_1774359772358{margin-bottom: 0px !important;}&#8221;][\/vc_column][\/vc_row][\/vc_section][vc_section css=&#8221;.vc_custom_1577690741704{padding-top: 110px !important;padding-bottom: 80px !important;background-image: url(https:\/\/cerebrocreativa.cl\/inicio\/wp-content\/uploads\/2019\/12\/bg24.jpg?id=2069) !important;}&#8221; el_class=&#8221;bt-cont-page-section&#8221;][vc_row][vc_column offset=&#8221;vc_col-lg-5 vc_col-md-5&#8243;][vc_custom_heading text=&#8221;Dise\u00f1emos juntos, est\u00e9s donde est\u00e9s.&#8221; font_container=&#8221;tag:h3|text_align:left&#8221; use_theme_fonts=&#8221;yes&#8221; css=&#8221;&#8221;][vc_custom_heading text=&#8221;\u00bfListo para dise\u00f1ar algo genial?<br \/>\nEscr\u00edbenos y pongamos manos a la obra.&#8221; font_container=&#8221;tag:div|text_align:left&#8221; use_theme_fonts=&#8221;yes&#8221; css=&#8221;&#8221;][bt_list_icon list_data=&#8221;%5B%7B%22item_add_icon%22%3A%22true%22%2C%22item_icon_type%22%3A%22fontawesome%22%2C%22item_icon_fontawesome%22%3A%22fas%20fa-map-marked-alt%22%2C%22item_icon_openiconic%22%3A%22vc-oi%20vc-oi-dial%22%2C%22item_icon_typicons%22%3A%22typcn%20typcn-adjust-brightness%22%2C%22item_icon_entypo%22%3A%22entypo-icon%20entypo-icon-note%22%2C%22item_icon_linecons%22%3A%22vc_li%20vc_li-heart%22%2C%22item_icon_monosocial%22%3A%22vc-mono%20vc-mono-fivehundredpx%22%2C%22item_icon_material%22%3A%22vc-material%20vc-material-cake%22%2C%22item_icon_elegant%22%3A%22icon_lightbulb_alt%22%2C%22text%22%3A%22Puerto%20Montt%2C%20Los%20Lagos.%20Chile%22%7D%2C%7B%22item_add_icon%22%3A%22true%22%2C%22item_icon_type%22%3A%22fontawesome%22%2C%22item_icon_fontawesome%22%3A%22fas%20fa-mobile-alt%22%2C%22item_icon_openiconic%22%3A%22vc-oi%20vc-oi-dial%22%2C%22item_icon_typicons%22%3A%22typcn%20typcn-adjust-brightness%22%2C%22item_icon_entypo%22%3A%22entypo-icon%20entypo-icon-note%22%2C%22item_icon_linecons%22%3A%22vc_li%20vc_li-heart%22%2C%22item_icon_monosocial%22%3A%22vc-mono%20vc-mono-fivehundredpx%22%2C%22item_icon_material%22%3A%22vc-material%20vc-material-cake%22%2C%22item_icon_elegant%22%3A%22icon_lightbulb_alt%22%2C%22text%22%3A%22%2B569%204402%207771%22%2C%22link%22%3A%22url%3Atel%253A%252B56944027771%7Ctitle%3ALl%25C3%25A1manos%7Ctarget%3A_blank%22%7D%2C%7B%22item_add_icon%22%3A%22true%22%2C%22item_icon_type%22%3A%22fontawesome%22%2C%22item_icon_fontawesome%22%3A%22fas%20fa-envelope%22%2C%22item_icon_openiconic%22%3A%22vc-oi%20vc-oi-dial%22%2C%22item_icon_typicons%22%3A%22typcn%20typcn-adjust-brightness%22%2C%22item_icon_entypo%22%3A%22entypo-icon%20entypo-icon-note%22%2C%22item_icon_linecons%22%3A%22vc_li%20vc_li-heart%22%2C%22item_icon_monosocial%22%3A%22vc-mono%20vc-mono-fivehundredpx%22%2C%22item_icon_material%22%3A%22vc-material%20vc-material-cake%22%2C%22item_icon_elegant%22%3A%22icon_lightbulb_alt%22%2C%22text%22%3A%22cotizaciones%40cerebrocreativa.cl%22%2C%22link%22%3A%22url%3Amailto%253Acotizaciones%2540cerebrocreativa.cl%7Ctitle%3AEscr%25C3%25ADbenos%2520al%7Ctarget%3A_blank%22%7D%5D&#8221;][\/vc_column][vc_column offset=&#8221;vc_col-lg-7 vc_col-md-7&#8243;][vc_custom_heading text=&#8221;Deja un Comentario&#8221; font_container=&#8221;tag:h4|text_align:left&#8221; use_theme_fonts=&#8221;yes&#8221; css=&#8221;&#8221; custom_style=&#8221;font-weight: 700;&#8221;]\n<div class=\"wpcf7 no-js\" id=\"wpcf7-f5-o1\" lang=\"en-US\" dir=\"ltr\" data-wpcf7-id=\"5\">\n<div class=\"screen-reader-response\"><p role=\"status\" aria-live=\"polite\" aria-atomic=\"true\"><\/p> <ul><\/ul><\/div>\n<form action=\"\/inicio\/wp-json\/wp\/v2\/pages\/845#wpcf7-f5-o1\" method=\"post\" class=\"wpcf7-form init\" aria-label=\"Contact form\" novalidate=\"novalidate\" data-status=\"init\">\n<div style=\"display: none;\">\n<input type=\"hidden\" name=\"_wpcf7\" value=\"5\" \/>\n<input type=\"hidden\" name=\"_wpcf7_version\" value=\"6.0.6\" \/>\n<input type=\"hidden\" name=\"_wpcf7_locale\" value=\"en_US\" \/>\n<input type=\"hidden\" name=\"_wpcf7_unit_tag\" value=\"wpcf7-f5-o1\" \/>\n<input type=\"hidden\" name=\"_wpcf7_container_post\" value=\"0\" \/>\n<input type=\"hidden\" name=\"_wpcf7_posted_data_hash\" value=\"\" \/>\n<\/div>\n<div class=\"row\">\n\t<div class=\"col-md-4\">\n\t\t<p><span class=\"wpcf7-form-control-wrap\" data-name=\"your-name\"><input size=\"40\" maxlength=\"400\" class=\"wpcf7-form-control wpcf7-text wpcf7-validates-as-required\" aria-required=\"true\" aria-invalid=\"false\" placeholder=\"Nombre*\" value=\"\" type=\"text\" name=\"your-name\" \/><\/span>\n\t\t<\/p>\n\t<\/div>\n\t<div class=\"col-md-4\">\n\t\t<p><span class=\"wpcf7-form-control-wrap\" data-name=\"your-email\"><input size=\"40\" maxlength=\"400\" class=\"wpcf7-form-control wpcf7-email wpcf7-validates-as-required wpcf7-text wpcf7-validates-as-email\" aria-required=\"true\" aria-invalid=\"false\" placeholder=\"Email*\" value=\"\" type=\"email\" name=\"your-email\" \/><\/span>\n\t\t<\/p>\n\t<\/div>\n\t<div class=\"col-md-4\">\n\t\t<p><span class=\"wpcf7-form-control-wrap\" data-name=\"your-subject\"><input size=\"40\" maxlength=\"400\" class=\"wpcf7-form-control wpcf7-text\" aria-invalid=\"false\" placeholder=\"Asunto\" value=\"\" type=\"text\" name=\"your-subject\" \/><\/span>\n\t\t<\/p>\n\t<\/div>\n<\/div>\n<div class=\"row\">\n\t<div class=\"col-md-12\">\n\t\t<p><span class=\"wpcf7-form-control-wrap\" data-name=\"your-message\"><textarea cols=\"40\" rows=\"10\" maxlength=\"2000\" class=\"wpcf7-form-control wpcf7-textarea\" aria-invalid=\"false\" placeholder=\"Mensaje\" name=\"your-message\"><\/textarea><\/span>\n\t\t<\/p>\n\t<\/div>\n\t<div class=\"col-md-12\">\n\t\t<p><input class=\"wpcf7-form-control wpcf7-submit has-spinner\" type=\"submit\" value=\"Enviar Ahora\" \/>\n\t\t<\/p>\n\t<\/div>\n<\/div><div class=\"wpcf7-response-output\" aria-hidden=\"true\"><\/div>\n<\/form>\n<\/div>\n[\/vc_column][\/vc_row][\/vc_section]<\/p>\n<\/div>","protected":false},"excerpt":{"rendered":"<p>[vc_section el_class=&#8221;bt-map-section&#8221;][vc_row row_container=&#8221;fullwidth&#8221;][vc_column][vc_gmaps link=&#8221;#E-8_JTNDaWZyYW1lJTIwc3JjJTNEJTIyaHR0cHMlM0ElMkYlMkZ3d3cuZ29vZ2xlLmNvbSUyRm1hcHMlMkZlbWJlZCUzRnBiJTNEJTIxMW0xOCUyMTFtMTIlMjExbTMlMjExZDU1OTM2LjEzMDg2OTYyNzE5NSUyMTJkLTcyLjk0ODAxODA5OTk5OTk4JTIxM2QtNDEuNDYyOTg1NiUyMTJtMyUyMTFmMCUyMTJmMCUyMTNmMCUyMTNtMiUyMTFpMTAyNCUyMTJpNzY4JTIxNGYxMy4xJTIxM20zJTIxMW0yJTIxMXMweDk2MTgzYTRkNjkyMGY0MDclMjUzQTB4ODZhM2YxNWE3OWE1YzlkZiUyMTJzUHVlcnRvJTI1MjBNb250dCUyNTJDJTI1MjBMb3MlMjUyMExhZ29zJTIxNWUxJTIxM20yJTIxMXNlcy00MTklMjEyc2NsJTIxNHYxNzc0MzU5NzYzMTExJTIxNW0yJTIxMXNlcy00MTklMjEyc2NsJTIyJTIwd2lkdGglM0QlMjI2MDAlMjIlMjBoZWlnaHQlM0QlMjI0NTAlMjIlMjBzdHlsZSUzRCUyMmJvcmRlciUzQTAlM0IlMjIlMjBhbGxvd2Z1bGxzY3JlZW4lM0QlMjIlMjIlMjBsb2FkaW5nJTNEJTIybGF6eSUyMiUyMHJlZmVycmVycG9saWN5JTNEJTIybm8tcmVmZXJyZXItd2hlbi1kb3duZ3JhZGUlMjIlM0UlM0MlMkZpZnJhbWUlM0U=&#8221; css=&#8221;.vc_custom_1774359772358{margin-bottom: 0px !important;}&#8221;][\/vc_column][\/vc_row][\/vc_section][vc_section css=&#8221;.vc_custom_1577690741704{padding-top: 110px !important;padding-bottom: 80px !important;background-image: url(https:\/\/cerebrocreativa.cl\/inicio\/wp-content\/uploads\/2019\/12\/bg24.jpg?id=2069) !important;}&#8221; el_class=&#8221;bt-cont-page-section&#8221;][vc_row][vc_column offset=&#8221;vc_col-lg-5 vc_col-md-5&#8243;][vc_custom_heading text=&#8221;Dise\u00f1emos juntos, est\u00e9s donde est\u00e9s.&#8221; font_container=&#8221;tag:h3|text_align:left&#8221; use_theme_fonts=&#8221;yes&#8221; css=&#8221;&#8221;][vc_custom_heading text=&#8221;\u00bfListo para dise\u00f1ar algo genial? Escr\u00edbenos y pongamos manos a la obra.&#8221; font_container=&#8221;tag:div|text_align:left&#8221; use_theme_fonts=&#8221;yes&#8221; css=&#8221;&#8221;][bt_list_icon list_data=&#8221;%5B%7B%22item_add_icon%22%3A%22true%22%2C%22item_icon_type%22%3A%22fontawesome%22%2C%22item_icon_fontawesome%22%3A%22fas%20fa-map-marked-alt%22%2C%22item_icon_openiconic%22%3A%22vc-oi%20vc-oi-dial%22%2C%22item_icon_typicons%22%3A%22typcn%20typcn-adjust-brightness%22%2C%22item_icon_entypo%22%3A%22entypo-icon%20entypo-icon-note%22%2C%22item_icon_linecons%22%3A%22vc_li%20vc_li-heart%22%2C%22item_icon_monosocial%22%3A%22vc-mono%20vc-mono-fivehundredpx%22%2C%22item_icon_material%22%3A%22vc-material%20vc-material-cake%22%2C%22item_icon_elegant%22%3A%22icon_lightbulb_alt%22%2C%22text%22%3A%22Puerto%20Montt%2C%20Los%20Lagos.%20Chile%22%7D%2C%7B%22item_add_icon%22%3A%22true%22%2C%22item_icon_type%22%3A%22fontawesome%22%2C%22item_icon_fontawesome%22%3A%22fas%20fa-mobile-alt%22%2C%22item_icon_openiconic%22%3A%22vc-oi%20vc-oi-dial%22%2C%22item_icon_typicons%22%3A%22typcn%20typcn-adjust-brightness%22%2C%22item_icon_entypo%22%3A%22entypo-icon%20entypo-icon-note%22%2C%22item_icon_linecons%22%3A%22vc_li%20vc_li-heart%22%2C%22item_icon_monosocial%22%3A%22vc-mono%20vc-mono-fivehundredpx%22%2C%22item_icon_material%22%3A%22vc-material%20vc-material-cake%22%2C%22item_icon_elegant%22%3A%22icon_lightbulb_alt%22%2C%22text%22%3A%22%2B569%204402%207771%22%2C%22link%22%3A%22url%3Atel%253A%252B56944027771%7Ctitle%3ALl%25C3%25A1manos%7Ctarget%3A_blank%22%7D%2C%7B%22item_add_icon%22%3A%22true%22%2C%22item_icon_type%22%3A%22fontawesome%22%2C%22item_icon_fontawesome%22%3A%22fas%20fa-envelope%22%2C%22item_icon_openiconic%22%3A%22vc-oi%20vc-oi-dial%22%2C%22item_icon_typicons%22%3A%22typcn%20typcn-adjust-brightness%22%2C%22item_icon_entypo%22%3A%22entypo-icon%20entypo-icon-note%22%2C%22item_icon_linecons%22%3A%22vc_li%20vc_li-heart%22%2C%22item_icon_monosocial%22%3A%22vc-mono%20vc-mono-fivehundredpx%22%2C%22item_icon_material%22%3A%22vc-material%20vc-material-cake%22%2C%22item_icon_elegant%22%3A%22icon_lightbulb_alt%22%2C%22text%22%3A%22cotizaciones%40cerebrocreativa.cl%22%2C%22link%22%3A%22url%3Amailto%253Acotizaciones%2540cerebrocreativa.cl%7Ctitle%3AEscr%25C3%25ADbenos%2520al%7Ctarget%3A_blank%22%7D%5D&#8221;][\/vc_column][vc_column offset=&#8221;vc_col-lg-7 vc_col-md-7&#8243;][vc_custom_heading text=&#8221;Deja un Comentario&#8221; font_container=&#8221;tag:h4|text_align:left&#8221; use_theme_fonts=&#8221;yes&#8221; css=&#8221;&#8221; custom_style=&#8221;font-weight: 700;&#8221;][\/vc_column][\/vc_row][\/vc_section]<\/p>\n","protected":false},"author":1,"featured_media":0,"parent":0,"menu_order":0,"comment_status":"closed","ping_status":"closed","template":"page-nocontainer.php","meta":{"footnotes":""},"class_list":["post-845","page","type-page","status-publish","hentry"],"_links":{"self":[{"href":"https:\/\/cerebrocreativa.cl\/inicio\/wp-json\/wp\/v2\/pages\/845","targetHints":{"allow":["GET"]}}],"collection":[{"href":"https:\/\/cerebrocreativa.cl\/inicio\/wp-json\/wp\/v2\/pages"}],"about":[{"href":"https:\/\/cerebrocreativa.cl\/inicio\/wp-json\/wp\/v2\/types\/page"}],"author":[{"embeddable":true,"href":"https:\/\/cerebrocreativa.cl\/inicio\/wp-json\/wp\/v2\/users\/1"}],"replies":[{"embeddable":true,"href":"https:\/\/cerebrocreativa.cl\/inicio\/wp-json\/wp\/v2\/comments?post=845"}],"version-history":[{"count":8,"href":"https:\/\/cerebrocreativa.cl\/inicio\/wp-json\/wp\/v2\/pages\/845\/revisions"}],"predecessor-version":[{"id":2356,"href":"https:\/\/cerebrocreativa.cl\/inicio\/wp-json\/wp\/v2\/pages\/845\/revisions\/2356"}],"wp:attachment":[{"href":"https:\/\/cerebrocreativa.cl\/inicio\/wp-json\/wp\/v2\/media?parent=845"}],"curies":[{"name":"wp","href":"https:\/\/api.w.org\/{rel}","templated":true}]}}